{"id":8947,"date":"2023-12-07T12:11:39","date_gmt":"2023-12-07T11:11:39","guid":{"rendered":"https:\/\/jankowski.de\/imprint\/"},"modified":"2024-02-20T12:11:26","modified_gmt":"2024-02-20T11:11:26","slug":"imprint","status":"publish","type":"page","link":"https:\/\/jankowski.de\/en\/imprint\/","title":{"rendered":"Imprint"},"content":{"rendered":"<section class=\"l-section wpb_row us_custom_339e136a height_auto color_primary with_slider\"><div class=\"l-section-slider\"><div class=\"w-slider style_none fit_cover nav_none count_1\"><div class=\"w-slider-h\" aria-hidden=\"true\"><div class=\"royalSlider\"><div class=\"rsContent\"><a class=\"rsImg\" data-rsw=\"1920\" data-rsh=\"1280\" href=\"https:\/\/jankowski.de\/wp-content\/uploads\/2023\/10\/soundstudio-tonstudio-esslingen-stuttgart-10.webp\"><span data-alt=\"Referenzen Soundstudio Tonstudio Esslingen Stuttgart\"><\/span><\/a><\/div><\/div><img decoding=\"async\" src=\"https:\/\/jankowski.de\/wp-content\/uploads\/2023\/10\/soundstudio-tonstudio-esslingen-stuttgart-10.webp\" width=\"1920\" height=\"1280\" alt=\"Referenzen Soundstudio Tonstudio Esslingen Stuttgart\" loading=\"lazy\"><\/div><div class=\"w-slider-json\" onclick='return {&quot;autoScaleSlider&quot;:true,&quot;addActiveClass&quot;:true,&quot;loop&quot;:true,&quot;fadeInLoadedSlide&quot;:false,&quot;slidesSpacing&quot;:0,&quot;imageScalePadding&quot;:0,&quot;numImagesToPreload&quot;:2,&quot;arrowsNav&quot;:false,&quot;arrowsNavAutoHide&quot;:false,&quot;transitionType&quot;:&quot;move&quot;,&quot;transitionSpeed&quot;:1000,&quot;block&quot;:{&quot;moveEffect&quot;:&quot;none&quot;,&quot;speed&quot;:300},&quot;thumbs&quot;:{&quot;fitInViewport&quot;:false,&quot;firstMargin&quot;:false,&quot;spacing&quot;:4},&quot;controlNavigation&quot;:&quot;none&quot;,&quot;autoplay&quot;:{&quot;enabled&quot;:true,&quot;pauseOnHover&quot;:false,&quot;delay&quot;:3000},&quot;autoScaleSliderWidth&quot;:1920,&quot;autoScaleSliderHeight&quot;:1280}'><\/div><\/div><\/div><div class=\"l-section-h i-cf\"><div class=\"g-cols vc_row via_grid cols_1 laptops-cols_inherit tablets-cols_inherit mobiles-cols_1 valign_bottom type_default stacking_default\"><div class=\"wpb_column vc_column_container us_custom_8eb5ae55\"><div class=\"vc_column-inner\"><div class=\"wpb_text_column us_custom_2b8de6ca has_text_color us_animate_this\"><div class=\"wpb_wrapper\"><h1 style=\"text-align: center;\">Imprint<\/h1>\n<\/div><\/div><\/div><\/div><\/div><\/div><\/section><section class=\"l-section wpb_row height_medium\"><div class=\"l-section-h i-cf\"><div class=\"g-cols vc_row via_grid cols_2-1 laptops-cols_inherit tablets-cols_inherit mobiles-cols_1 valign_top type_default stacking_default\"><div class=\"wpb_column vc_column_container\"><div class=\"vc_column-inner\"><div class=\"wpb_text_column\"><div class=\"wpb_wrapper\"><p>Jankowski Soundfabrik GmbH<br \/>\nWeilstra\u00dfe 9<br \/>\n73734 Esslingen a. N.<\/p>\n<p>Commercial Register: HRB 3973<br \/>\nRegistration court: Amtsgericht Esslingen<\/p>\n<p><strong>Represented by:<\/strong><br \/>\nGesch\u00e4ftsf\u00fchrer: Peter Hardt, Bernhard Storz<\/p>\n<h2>Contact<\/h2>\n<p>Phone: +49 (0)711 69 76 1 &#8211; 0<br \/>\nTelefax: +49 (0)711 69 76 1 \u2013 50<br \/>\nE-mail: info@jankowski.de<\/p>\n<h2>VAT ID<\/h2>\n<p>Sales tax identification number according to Sect. 27 a of the Sales Tax Law:<br \/>\nDE 147844105<\/p>\n<h2>EU dispute resolution<\/h2>\n<p>The European Commission provides a platform for online dispute resolution (ODR): <a href=\"https:\/\/ec.europa.eu\/consumers\/odr\/\" target=\"_blank\" rel=\"noopener noreferrer\">https:\/\/ec.europa.eu\/consumers\/odr\/<\/a>.<br \/>\nOur e-mail address can be found above in the site notice.<\/p>\n<h2>Dispute resolution proceedings in front of a consumer arbitration board<\/h2>\n<p>We are not willing or obliged to participate in dispute resolution proceedings in front of a consumer arbitration board.<\/p>\n<\/div><\/div><\/div><\/div><div class=\"wpb_column vc_column_container\"><div class=\"vc_column-inner\"><\/div><\/div><\/div><\/div><\/section>\n","protected":false},"excerpt":{"rendered":"Imprint Jankowski Soundfabrik GmbH Weilstra\u00dfe 9 73734 Esslingen a. N. Commercial Register: HRB 3973 Registration court: Amtsgericht Esslingen Represented by: Gesch\u00e4ftsf\u00fchrer: Peter Hardt, Bernhard Storz Contact Phone: +49 (0)711 69 76 1 &#8211; 0 Telefax: +49 (0)711 69 76 1 \u2013 50 E-mail: info@jankowski.de VAT ID Sales tax identification number according to Sect. 27 a...","protected":false},"author":1,"featured_media":0,"parent":0,"menu_order":0,"comment_status":"closed","ping_status":"closed","template":"","meta":{"footnotes":""},"class_list":["post-8947","page","type-page","status-publish","hentry"],"_links":{"self":[{"href":"https:\/\/jankowski.de\/en\/wp-json\/wp\/v2\/pages\/8947","targetHints":{"allow":["GET"]}}],"collection":[{"href":"https:\/\/jankowski.de\/en\/wp-json\/wp\/v2\/pages"}],"about":[{"href":"https:\/\/jankowski.de\/en\/wp-json\/wp\/v2\/types\/page"}],"author":[{"embeddable":true,"href":"https:\/\/jankowski.de\/en\/wp-json\/wp\/v2\/users\/1"}],"replies":[{"embeddable":true,"href":"https:\/\/jankowski.de\/en\/wp-json\/wp\/v2\/comments?post=8947"}],"version-history":[{"count":0,"href":"https:\/\/jankowski.de\/en\/wp-json\/wp\/v2\/pages\/8947\/revisions"}],"wp:attachment":[{"href":"https:\/\/jankowski.de\/en\/wp-json\/wp\/v2\/media?parent=8947"}],"curies":[{"name":"wp","href":"https:\/\/api.w.org\/{rel}","templated":true}]}}